{"id":1284,"date":"2021-04-05T13:10:48","date_gmt":"2021-04-05T13:10:48","guid":{"rendered":"https:\/\/f7vent.ee\/?page_id=1284"},"modified":"2023-08-04T06:31:31","modified_gmt":"2023-08-04T06:31:31","slug":"factory-seven-alykkaat-ilmastoinnin-erikoisratkaisut","status":"publish","type":"page","link":"https:\/\/f7vent.ee\/fi\/","title":{"rendered":"Factory Seven \u00e4lykk\u00e4\u00e4t ilmastoinnin erikoisratkaisut"},"content":{"rendered":"<p><div class=\"fusion-fullwidth fullwidth-box fusion-builder-row-1 fusion-parallax-none nonhundred-percent-fullwidth non-hundred-percent-height-scrolling fusion-equal-height-columns\" style=\"--awb-background-position:right center;--awb-border-radius-top-left:0px;--awb-border-radius-top-right:0px;--awb-border-radius-bottom-right:0px;--awb-border-radius-bottom-left:0px;--awb-padding-top:50px;--awb-padding-bottom:50px;--awb-background-image:url(&quot;https:\/\/f7vent.ee\/wp-content\/uploads\/2020\/03\/FS7Front4.jpg&quot;);--awb-background-size:cover;--awb-flex-wrap:wrap;\" ><div class=\"fusion-builder-row fusion-row\"><div class=\"fusion-layout-column fusion_builder_column fusion-builder-column-0 fusion_builder_column_2_5 2_5 fusion-two-fifth fusion-column-first fusion-no-small-visibility fusion-no-medium-visibility fusion-animated\" style=\"--awb-padding-top:150px;--awb-padding-right:2px;--awb-padding-bottom:150px;--awb-padding-left:2px;--awb-overflow:hidden;--awb-bg-color:rgba(28,55,101,0.8);--awb-bg-color-hover:rgba(28,55,101,0.8);--awb-bg-size:cover;--awb-border-radius:50% 50% 50% 50%;width:40%;width:calc(40% - ( ( 4% ) * 0.4 ) );margin-right: 4%;\" data-animationType=\"fadeInDown\" data-animationDuration=\"0.9\" data-animationOffset=\"top-into-view\"><div class=\"fusion-column-wrapper fusion-column-has-shadow fusion-flex-column-wrapper-legacy\"><div class=\"fusion-text fusion-text-1\"><p style=\"font-size: 50px; line-height: 52px; text-align: center;\"><span style=\"color: #ffffff;\"><strong>F7<\/strong><\/span><\/p>\n<p style=\"font-size: 28px; line-height: 30px; text-align: center;\"><span style=\"color: #ffffff;\">ehk <b>Factory Seven<\/b><\/span><\/p>\n<p style=\"font-size: 20px; text-align: center;\"><span style=\"color: #ffffff;\">\u00e4lykk\u00e4\u00e4t ilmastoinnin erikoisratkaisut<\/span><\/p>\n<\/div><div class=\"fusion-clearfix\"><\/div><\/div><\/div><div class=\"fusion-layout-column fusion_builder_column fusion-builder-column-1 fusion_builder_column_2_5 2_5 fusion-two-fifth fusion-column-last fusion-no-large-visibility fusion-animated\" style=\"--awb-padding-top:80px;--awb-padding-right:20px;--awb-padding-bottom:80px;--awb-padding-left:20px;--awb-overflow:hidden;--awb-bg-color:rgba(28,55,101,0.8);--awb-bg-color-hover:rgba(28,55,101,0.8);--awb-bg-size:cover;--awb-border-radius:3% 3% 3% 3%;width:40%;width:calc(40% - ( ( 4% ) * 0.4 ) );\" data-animationType=\"fadeInDown\" data-animationDuration=\"0.9\" data-animationOffset=\"top-into-view\"><div class=\"fusion-column-wrapper fusion-column-has-shadow fusion-flex-column-wrapper-legacy\"><div class=\"fusion-text fusion-text-2\"><p style=\"font-size: 50px; line-height: 52px; text-align: center;\"><span style=\"color: #ffffff;\"><strong>F7<\/strong><\/span><\/p>\n<p style=\"font-size: 28px; line-height: 30px; text-align: center;\"><span style=\"color: #ffffff;\">ehk <b>Factory Seven<\/b><\/span><\/p>\n<p style=\"font-size: 20px; text-align: center;\"><span style=\"color: #ffffff;\">\u00e4lykk\u00e4\u00e4t ilmastoinnin erikoisratkaisut<\/span><\/p>\n<\/div><div class=\"fusion-clearfix\"><\/div><\/div><\/div><\/div><\/div><div class=\"fusion-fullwidth fullwidth-box fusion-builder-row-2 nonhundred-percent-fullwidth non-hundred-percent-height-scrolling\" style=\"--awb-border-radius-top-left:0px;--awb-border-radius-top-right:0px;--awb-border-radius-bottom-right:0px;--awb-border-radius-bottom-left:0px;--awb-padding-bottom:50px;--awb-margin-top:50px;--awb-flex-wrap:wrap;\" ><div class=\"fusion-builder-row fusion-row\"><div class=\"fusion-layout-column fusion_builder_column fusion-builder-column-2 fusion_builder_column_1_1 1_1 fusion-one-full fusion-column-first fusion-column-last\" style=\"--awb-bg-size:cover;\"><div class=\"fusion-column-wrapper fusion-column-has-shadow fusion-flex-column-wrapper-legacy\"><div class=\"fusion-text fusion-text-3\"><h1 style=\"font-size: 30px; line-height: 32px; text-align: left;\"><strong><span style=\"color: #1c3765;\">FACTORY SEVEN O\u00dc<br \/>\n<\/span><\/strong><\/h1>\n<p style=\"font-size: 45px; line-height: 52px; text-align: left;\"><span style=\"color: #9ab7c7;\"><strong>ilmastointiputkia, putkiyhteit\u00e4 ja ilmastointitarvikkeita valmistava yritys<\/strong><\/span><\/p>\n<\/div><div class=\"fusion-text fusion-text-4\"><p>Toimintamme juuret ulottuvat vuoteen 1988, jolloin toimittiin nimell\u00e4 Teeninduskooperatiiv Remo. Silloin teimme yksinkertaisempia peltisep\u00e4nt\u00f6it\u00e4, kuten peltisi\u00e4 ikkunalautoja, sadevesiputkia ja -r\u00e4nnej\u00e4.<\/p>\n<p>Nyky\u00e4\u00e4n tuotantoyksikk\u00f6mme sijaitsee Sauella ja valmistamme kaikenlaisia ilmastointitarvikkeita. L\u00e4hinn\u00e4 <a href=\"https:\/\/f7vent.ee\/suitsutorustik\/\">ilmastointiputkia<\/a>, putkiyhteit\u00e4 ja <a href=\"https:\/\/f7vent.ee\/fi\/aanenvaimentimet\/\">\u00e4\u00e4nenvaimennin<\/a>.<br \/>\nFactory Seven O\u00dc:n ilmastointiputket ja putkiyhteet kuuluvat ilmastointituotteiden puhtausluokkaan M1.<\/p>\n<p>Lis\u00e4ksi autamme asiakkaita ratkaisemaan monimutkaisia teht\u00e4vi\u00e4 vuosien pituiseen usean sukupolven kokemukseen perustuvien \u00e4lykk\u00e4iden ratkaisujen avulla.<\/p>\n<\/div><div class=\"fusion-sep-clear\"><\/div><div class=\"fusion-separator fusion-full-width-sep\" style=\"margin-left: auto;margin-right: auto;margin-top:60px;width:100%;\"><\/div><div class=\"fusion-sep-clear\"><\/div><div class=\"fusion-clearfix\"><\/div><\/div><\/div><div class=\"fusion-layout-column fusion_builder_column fusion-builder-column-3 fusion_builder_column_1_2 1_2 fusion-one-half fusion-column-first fusion-column-inner-bg-wrapper fusion-animated\" style=\"--awb-inner-bg-size:cover;width:50%;width:calc(50% - ( ( 4% ) * 0.5 ) );margin-right: 4%;\" data-animationType=\"fadeInLeft\" data-animationDuration=\"0.5\" data-animationOffset=\"top-into-view\"><span class=\"fusion-column-inner-bg hover-type-none\"><a class=\"fusion-column-anchor\" href=\"https:\/\/f7vent.ee\/kubu\/\"><span class=\"fusion-column-inner-bg-image\"><\/span><\/a><\/span><div class=\"fusion-column-wrapper fusion-column-has-shadow fusion-flex-column-wrapper-legacy\"><div class=\"fusion-sep-clear\"><\/div><div class=\"fusion-separator fusion-full-width-sep\" style=\"margin-left: auto;margin-right: auto;margin-top:50px;width:100%;\"><\/div><div class=\"fusion-sep-clear\"><\/div><div class=\"fusion-image-element fusion-image-align-center in-legacy-container\" style=\"text-align:center;--awb-caption-title-font-family:var(--h2_typography-font-family);--awb-caption-title-font-weight:var(--h2_typography-font-weight);--awb-caption-title-font-style:var(--h2_typography-font-style);--awb-caption-title-size:var(--h2_typography-font-size);--awb-caption-title-transform:var(--h2_typography-text-transform);--awb-caption-title-line-height:var(--h2_typography-line-height);--awb-caption-title-letter-spacing:var(--h2_typography-letter-spacing);\"><div class=\"imageframe-align-center\"><span class=\" fusion-imageframe imageframe-none imageframe-1 hover-type-zoomin\"><img decoding=\"async\" width=\"800\" height=\"485\" title=\"kubuFlip2\" src=\"https:\/\/f7vent.ee\/wp-content\/uploads\/2020\/03\/kubuFlip2.jpg\" alt class=\"img-responsive wp-image-1303\" srcset=\"https:\/\/f7vent.ee\/wp-content\/uploads\/2020\/03\/kubuFlip2-200x121.jpg 200w, https:\/\/f7vent.ee\/wp-content\/uploads\/2020\/03\/kubuFlip2-400x243.jpg 400w, https:\/\/f7vent.ee\/wp-content\/uploads\/2020\/03\/kubuFlip2-600x364.jpg 600w, https:\/\/f7vent.ee\/wp-content\/uploads\/2020\/03\/kubuFlip2.jpg 800w\" sizes=\"(max-width: 800px) 100vw, 800px\" \/><\/span><\/div><\/div><div class=\"fusion-sep-clear\"><\/div><div class=\"fusion-separator fusion-full-width-sep\" style=\"margin-left: auto;margin-right: auto;margin-top:10px;width:100%;\"><\/div><div class=\"fusion-sep-clear\"><\/div><div class=\"fusion-text fusion-text-5\"><p style=\"font-size: 20px; line-height: 22px; text-align: center;\"><span style=\"color: #1c3765;\"><strong>ILMASTOINTIKUPU SUURKEITTI\u00d6ILLE<br \/>\n<\/strong><\/span><\/p>\n<\/div><div class=\"fusion-clearfix\"><\/div><\/div><\/div><div class=\"fusion-layout-column fusion_builder_column fusion-builder-column-4 fusion_builder_column_1_2 1_2 fusion-one-half fusion-column-last fusion-column-inner-bg-wrapper fusion-animated\" style=\"--awb-inner-bg-size:cover;width:50%;width:calc(50% - ( ( 4% ) * 0.5 ) );\" data-animationType=\"fadeInLeft\" data-animationDuration=\"0.5\" data-animationOffset=\"top-into-view\"><span class=\"fusion-column-inner-bg hover-type-none\"><a class=\"fusion-column-anchor\" href=\"https:\/\/f7vent.ee\/fi\/aanenvaimentimet\/\"><span class=\"fusion-column-inner-bg-image\"><\/span><\/a><\/span><div class=\"fusion-column-wrapper fusion-column-has-shadow fusion-flex-column-wrapper-legacy\"><div class=\"fusion-sep-clear\"><\/div><div class=\"fusion-separator fusion-full-width-sep\" style=\"margin-left: auto;margin-right: auto;margin-top:50px;width:100%;\"><\/div><div class=\"fusion-sep-clear\"><\/div><div class=\"fusion-image-element fusion-image-align-center in-legacy-container\" style=\"text-align:center;--awb-caption-title-font-family:var(--h2_typography-font-family);--awb-caption-title-font-weight:var(--h2_typography-font-weight);--awb-caption-title-font-style:var(--h2_typography-font-style);--awb-caption-title-size:var(--h2_typography-font-size);--awb-caption-title-transform:var(--h2_typography-text-transform);--awb-caption-title-line-height:var(--h2_typography-line-height);--awb-caption-title-letter-spacing:var(--h2_typography-letter-spacing);\"><div class=\"imageframe-align-center\"><span class=\" fusion-imageframe imageframe-none imageframe-2 hover-type-zoomin\"><img decoding=\"async\" width=\"800\" height=\"485\" title=\"myrasummuti2\" src=\"https:\/\/f7vent.ee\/wp-content\/uploads\/2020\/03\/myrasummuti2.jpg\" alt class=\"img-responsive wp-image-1304\" srcset=\"https:\/\/f7vent.ee\/wp-content\/uploads\/2020\/03\/myrasummuti2-200x121.jpg 200w, https:\/\/f7vent.ee\/wp-content\/uploads\/2020\/03\/myrasummuti2-400x243.jpg 400w, https:\/\/f7vent.ee\/wp-content\/uploads\/2020\/03\/myrasummuti2-600x364.jpg 600w, https:\/\/f7vent.ee\/wp-content\/uploads\/2020\/03\/myrasummuti2.jpg 800w\" sizes=\"(max-width: 800px) 100vw, 800px\" \/><\/span><\/div><\/div><div class=\"fusion-sep-clear\"><\/div><div class=\"fusion-separator fusion-full-width-sep\" style=\"margin-left: auto;margin-right: auto;margin-top:10px;width:100%;\"><\/div><div class=\"fusion-sep-clear\"><\/div><div class=\"fusion-text fusion-text-6\"><p style=\"font-size: 20px; line-height: 22px; text-align: center;\"><span style=\"color: #1c3765;\"><strong>\u00c4\u00c4NENVAIMENTIMET<br \/>\n<\/strong><\/span><\/p>\n<\/div><div class=\"fusion-clearfix\"><\/div><\/div><\/div><\/div><\/div><div class=\"fusion-fullwidth fullwidth-box fusion-builder-row-3 nonhundred-percent-fullwidth non-hundred-percent-height-scrolling\" style=\"--awb-border-radius-top-left:0px;--awb-border-radius-top-right:0px;--awb-border-radius-bottom-right:0px;--awb-border-radius-bottom-left:0px;--awb-padding-top:50px;--awb-padding-bottom:50px;--awb-background-color:#d8e8f5;--awb-flex-wrap:wrap;\" ><div class=\"fusion-builder-row fusion-row\"><div class=\"fusion-layout-column fusion_builder_column fusion-builder-column-5 fusion_builder_column_1_1 1_1 fusion-one-full fusion-column-first fusion-column-last\" style=\"--awb-bg-size:cover;\"><div class=\"fusion-column-wrapper fusion-column-has-shadow fusion-flex-column-wrapper-legacy\"><div class=\"fusion-text fusion-text-7\"><p style=\"font-size: 20px; line-height: 22px; text-align: center;\"><span style=\"color: #1c3765;\"><strong>VALIKOIMA TUOTTEITAMME<br \/>\n<\/strong><\/span><\/p>\n<\/div><div class=\"fusion-text fusion-text-8\"><p style=\"text-align: center;\"><span style=\"font-size: 18pt;\">suorakaidekanavaj\u00e4rjestelmi\u00e4 <span style=\"color: #eb1543;\"><strong>\u203a<\/strong><\/span> putkiyhteet <strong><span style=\"color: #eb1543;\">\u203a<\/span><br \/>\n<\/strong>ulkos\u00e4leik\u00f6t <span style=\"color: #eb1543;\"><strong>\u203a<\/strong><\/span> sis\u00e4s\u00e4leik\u00f6t <span style=\"color: #eb1543;\"><b>\u203a <\/b><\/span>lumis\u00e4leik\u00f6t <span style=\"color: #eb1543;\"><strong> \u203a<\/strong><\/span><\/span><br \/>\n<span style=\"font-size: 18pt;\">\u00e4\u00e4nenvaimentimet <span style=\"color: #eb1543;\"><strong>\u203a<\/strong><\/span> ilmanjakajat <span style=\"color: #eb1543;\"><strong>\u203a<\/strong><\/span><\/span><br \/>\n<span style=\"font-size: 18pt;\">puhdistusluukut <span style=\"color: #eb1543;\"><strong>\u203a<\/strong><\/span> peitepellit <span style=\"color: #eb1543;\"><strong>\u203a<\/strong><\/span><\/span><br \/>\n<span style=\"font-size: 14pt;\"><span style=\"font-size: 18pt;\">keitti\u00f6kuvut <span style=\"color: #eb1543;\"><strong>\u203a<\/strong><\/span> otsonaattorit <span style=\"color: #eb1543;\"><strong>\u203a<\/strong><\/span><\/span><br \/>\n<span style=\"font-size: 14pt;\"><span style=\"font-size: 18pt;\">katon l\u00e4piviennit <span style=\"color: #eb1543;\"><strong>\u203a<\/strong><\/span> sadekatokset <span style=\"color: #eb1543;\"><strong>\u203a<\/strong><\/span><\/span><br \/>\n<span style=\"font-size: 14pt;\"><span style=\"font-size: 18pt;\">tulo- ja poistoilmas\u00e4leik\u00f6t <span style=\"color: #eb1543;\"><strong>\u203a<\/strong><\/span> myrskys\u00e4leik\u00f6t <span style=\"color: #eb1543;\"><strong>\u203a<\/strong><\/span><\/span><br \/>\n<span style=\"font-size: 14pt;\"><span style=\"font-size: 18pt;\">ilmastointikanavien osat <span style=\"color: #eb1543;\"><strong>\u203a<\/strong><\/span><\/span><br \/>\n<span style=\"font-size: 14pt;\"><span style=\"font-size: 18pt;\">ristiinmenokappaleet <span style=\"color: #eb1543;\"><strong>\u203a<\/strong><\/span><\/span><br \/>\n<span style=\"font-size: 18pt;\">lis\u00e4ksi paljon muita ilmastointituotteita<\/span><br \/>\n<span style=\"font-size: 14pt;\"><span style=\"font-size: 18pt;\">eri materiaaleista <span style=\"color: #eb1543;\"><strong>\u203a<\/strong><\/span><\/span><br \/>\n<\/span><\/span><\/span><\/span><\/span><\/span><\/p>\n<\/div><div class=\"fusion-clearfix\"><\/div><\/div><\/div><\/div><\/div><div class=\"fusion-fullwidth fullwidth-box fusion-builder-row-4 nonhundred-percent-fullwidth non-hundred-percent-height-scrolling\" style=\"--awb-border-radius-top-left:0px;--awb-border-radius-top-right:0px;--awb-border-radius-bottom-right:0px;--awb-border-radius-bottom-left:0px;--awb-padding-top:100px;--awb-padding-bottom:100px;--awb-flex-wrap:wrap;\" ><div class=\"fusion-builder-row fusion-row\"><div class=\"fusion-layout-column fusion_builder_column fusion-builder-column-6 fusion_builder_column_1_4 1_4 fusion-one-fourth fusion-column-first\" style=\"--awb-bg-size:cover;width:25%;width:calc(25% - ( ( 4% + 4% ) * 0.25 ) );margin-right: 4%;\"><div class=\"fusion-column-wrapper fusion-column-has-shadow fusion-flex-column-wrapper-legacy\"><div class=\"fusion-clearfix\"><\/div><\/div><\/div><div class=\"fusion-layout-column fusion_builder_column fusion-builder-column-7 fusion_builder_column_1_2 1_2 fusion-one-half\" style=\"--awb-bg-size:cover;width:50%;width:calc(50% - ( ( 4% + 4% ) * 0.5 ) );margin-right: 4%;\"><div class=\"fusion-column-wrapper fusion-column-has-shadow fusion-flex-column-wrapper-legacy\"><div class=\"fusion-text fusion-text-9\"><p style=\"font-size: 30px; line-height: 32px; text-align: left;\"><span style=\"color: #1c3765;\">Pyyd\u00e4 tarjous<\/span><\/p>\n<\/div>\n<div class=\"wpcf7 no-js\" id=\"wpcf7-f1314-o1\" lang=\"et\" dir=\"ltr\" data-wpcf7-id=\"1314\">\n<div class=\"screen-reader-response\"><p role=\"status\" aria-live=\"polite\" aria-atomic=\"true\"><\/p> <ul><\/ul><\/div>\n<form action=\"\/fi\/wp-json\/wp\/v2\/pages\/1284#wpcf7-f1314-o1\" method=\"post\" class=\"wpcf7-form init\" aria-label=\"Contact form\" novalidate=\"novalidate\" data-status=\"init\">\n<fieldset class=\"hidden-fields-container\"><input type=\"hidden\" name=\"_wpcf7\" value=\"1314\" \/><input type=\"hidden\" name=\"_wpcf7_version\" value=\"6.1.5\" \/><input type=\"hidden\" name=\"_wpcf7_locale\" value=\"et\" \/><input type=\"hidden\" name=\"_wpcf7_unit_tag\" value=\"wpcf7-f1314-o1\" \/><input type=\"hidden\" name=\"_wpcf7_container_post\" value=\"0\" \/><input type=\"hidden\" name=\"_wpcf7_posted_data_hash\" value=\"\" \/>\n<\/fieldset>\n<p><span class=\"wpcf7-form-control-wrap\" data-name=\"Nimi\"><input size=\"40\" maxlength=\"400\" class=\"wpcf7-form-control wpcf7-text wpcf7-validates-as-required\" aria-required=\"true\" aria-invalid=\"false\" value=\"Nimi\" type=\"text\" name=\"Nimi\" \/><\/span><br \/>\n<span class=\"wpcf7-form-control-wrap\" data-name=\"email827\"><input size=\"40\" maxlength=\"400\" class=\"wpcf7-form-control wpcf7-email wpcf7-validates-as-required wpcf7-text wpcf7-validates-as-email\" aria-required=\"true\" aria-invalid=\"false\" value=\"S\u00e4hk\u00f6posti\" type=\"email\" name=\"email827\" \/><\/span><br \/>\n<span class=\"wpcf7-form-control-wrap\" data-name=\"telefon\"><input size=\"40\" maxlength=\"400\" class=\"wpcf7-form-control wpcf7-tel wpcf7-validates-as-required wpcf7-text wpcf7-validates-as-tel\" aria-required=\"true\" aria-invalid=\"false\" value=\"Puhelin\" type=\"tel\" name=\"telefon\" \/><\/span><br \/>\n<span class=\"wpcf7-form-control-wrap\" data-name=\"textarea-948\"><textarea cols=\"40\" rows=\"10\" maxlength=\"2000\" class=\"wpcf7-form-control wpcf7-textarea wpcf7-validates-as-required\" aria-required=\"true\" aria-invalid=\"false\" name=\"textarea-948\">Kuvaile toiveesi lyhyesti *<\/textarea><\/span><br \/>\n<span id=\"wpcf7-69f1574f89ac9-wrapper\" class=\"wpcf7-form-control-wrap e-mail-wrap\" ><label for=\"wpcf7-69f1574f89ac9-field\" class=\"hp-message\">Please leave this field empty.<\/label><input id=\"wpcf7-69f1574f89ac9-field\"  class=\"wpcf7-form-control wpcf7-text\" type=\"text\" name=\"e-mail\" value=\"\" size=\"40\" tabindex=\"-1\" autocomplete=\"new-password\" \/><\/span><br \/>\n<input class=\"wpcf7-form-control wpcf7-submit has-spinner\" type=\"submit\" value=\"L\u00e4hett\u00e4\u00e4\" \/>\n<\/p><p style=\"display: none !important;\" class=\"akismet-fields-container\" data-prefix=\"_wpcf7_ak_\"><label>&#916;<textarea name=\"_wpcf7_ak_hp_textarea\" cols=\"45\" rows=\"8\" maxlength=\"100\"><\/textarea><\/label><input type=\"hidden\" id=\"ak_js_1\" name=\"_wpcf7_ak_js\" value=\"8\"\/><script>document.getElementById( \"ak_js_1\" ).setAttribute( \"value\", ( new Date() ).getTime() );<\/script><\/p><div class=\"fusion-alert alert custom alert-custom fusion-alert-center wpcf7-response-output fusion-alert-capitalize awb-alert-native-link-color alert-dismissable awb-alert-close-boxed\" style=\"--awb-border-size:1px;--awb-border-top-left-radius:0px;--awb-border-top-right-radius:0px;--awb-border-bottom-left-radius:0px;--awb-border-bottom-right-radius:0px;\" role=\"alert\"><div class=\"fusion-alert-content-wrapper\"><span class=\"fusion-alert-content\"><\/span><\/div><button type=\"button\" class=\"close toggle-alert\" data-dismiss=\"alert\" aria-label=\"Close\">&times;<\/button><\/div>\n<\/form>\n<\/div>\n<div class=\"fusion-clearfix\"><\/div><\/div><\/div>\n<div class=\"fusion-layout-column fusion_builder_column fusion-builder-column-8 fusion_builder_column_1_4 1_4 fusion-one-fourth fusion-column-last\" style=\"--awb-bg-size:cover;width:25%;width:calc(25% - ( ( 4% + 4% ) * 0.25 ) );\"><div class=\"fusion-column-wrapper fusion-column-has-shadow fusion-flex-column-wrapper-legacy\"><div class=\"fusion-clearfix\"><\/div><\/div><\/div><\/div><\/div><\/p>\n","protected":false},"excerpt":{"rendered":"","protected":false},"author":1,"featured_media":0,"parent":0,"menu_order":0,"comment_status":"closed","ping_status":"closed","template":"100-width.php","meta":{"inline_featured_image":false,"footnotes":""},"class_list":["post-1284","page","type-page","status-publish","hentry"],"yoast_head":"<!-- This site is optimized with the Yoast SEO plugin v27.0 - https:\/\/yoast.com\/product\/yoast-seo-wordpress\/ -->\n<title>Factory Seven \u00e4lykk\u00e4\u00e4t ilmastoinnin erikoisratkaisut | Factory Seven<\/title>\n<meta name=\"robots\" content=\"index, follow, max-snippet:-1, max-image-preview:large, max-video-preview:-1\" \/>\n<link rel=\"canonical\" href=\"https:\/\/f7vent.ee\/fi\/\" \/>\n<meta property=\"og:locale\" content=\"fi_FI\" \/>\n<meta property=\"og:type\" content=\"article\" \/>\n<meta property=\"og:title\" content=\"Factory Seven \u00e4lykk\u00e4\u00e4t ilmastoinnin erikoisratkaisut | Factory Seven\" \/>\n<meta property=\"og:url\" content=\"https:\/\/f7vent.ee\/fi\/\" \/>\n<meta property=\"og:site_name\" content=\"Factory Seven\" \/>\n<meta property=\"article:modified_time\" content=\"2023-08-04T06:31:31+00:00\" \/>\n<meta name=\"twitter:card\" content=\"summary_large_image\" \/>\n<meta name=\"twitter:label1\" content=\"Arvioitu lukuaika\" \/>\n\t<meta name=\"twitter:data1\" content=\"15 minuuttia\" \/>\n<script type=\"application\/ld+json\" class=\"yoast-schema-graph\">{\"@context\":\"https:\/\/schema.org\",\"@graph\":[{\"@type\":\"WebPage\",\"@id\":\"https:\/\/f7vent.ee\/fi\/\",\"url\":\"https:\/\/f7vent.ee\/fi\/\",\"name\":\"Factory Seven \u00e4lykk\u00e4\u00e4t ilmastoinnin erikoisratkaisut | Factory Seven\",\"isPartOf\":{\"@id\":\"https:\/\/f7vent.ee\/fi\/#website\"},\"datePublished\":\"2021-04-05T13:10:48+00:00\",\"dateModified\":\"2023-08-04T06:31:31+00:00\",\"breadcrumb\":{\"@id\":\"https:\/\/f7vent.ee\/fi\/#breadcrumb\"},\"inLanguage\":\"fi\",\"potentialAction\":[{\"@type\":\"ReadAction\",\"target\":[\"https:\/\/f7vent.ee\/fi\/\"]}]},{\"@type\":\"BreadcrumbList\",\"@id\":\"https:\/\/f7vent.ee\/fi\/#breadcrumb\",\"itemListElement\":[{\"@type\":\"ListItem\",\"position\":1,\"name\":\"Home\",\"item\":\"https:\/\/f7vent.ee\/fi\/\"},{\"@type\":\"ListItem\",\"position\":2,\"name\":\"Factory Seven \u00e4lykk\u00e4\u00e4t ilmastoinnin erikoisratkaisut\"}]},{\"@type\":\"WebSite\",\"@id\":\"https:\/\/f7vent.ee\/fi\/#website\",\"url\":\"https:\/\/f7vent.ee\/fi\/\",\"name\":\"Factory Seven\",\"description\":\"Ventilatsiooni seadmed, tarvikud, k&ouml;&ouml;gikubud jpm,\",\"potentialAction\":[{\"@type\":\"SearchAction\",\"target\":{\"@type\":\"EntryPoint\",\"urlTemplate\":\"https:\/\/f7vent.ee\/fi\/?s={search_term_string}\"},\"query-input\":{\"@type\":\"PropertyValueSpecification\",\"valueRequired\":true,\"valueName\":\"search_term_string\"}}],\"inLanguage\":\"fi\"}]}<\/script>\n<!-- \/ Yoast SEO plugin. -->","yoast_head_json":{"title":"Factory Seven \u00e4lykk\u00e4\u00e4t ilmastoinnin erikoisratkaisut | Factory Seven","robots":{"index":"index","follow":"follow","max-snippet":"max-snippet:-1","max-image-preview":"max-image-preview:large","max-video-preview":"max-video-preview:-1"},"canonical":"https:\/\/f7vent.ee\/fi\/","og_locale":"fi_FI","og_type":"article","og_title":"Factory Seven \u00e4lykk\u00e4\u00e4t ilmastoinnin erikoisratkaisut | Factory Seven","og_url":"https:\/\/f7vent.ee\/fi\/","og_site_name":"Factory Seven","article_modified_time":"2023-08-04T06:31:31+00:00","twitter_card":"summary_large_image","twitter_misc":{"Arvioitu lukuaika":"15 minuuttia"},"schema":{"@context":"https:\/\/schema.org","@graph":[{"@type":"WebPage","@id":"https:\/\/f7vent.ee\/fi\/","url":"https:\/\/f7vent.ee\/fi\/","name":"Factory Seven \u00e4lykk\u00e4\u00e4t ilmastoinnin erikoisratkaisut | Factory Seven","isPartOf":{"@id":"https:\/\/f7vent.ee\/fi\/#website"},"datePublished":"2021-04-05T13:10:48+00:00","dateModified":"2023-08-04T06:31:31+00:00","breadcrumb":{"@id":"https:\/\/f7vent.ee\/fi\/#breadcrumb"},"inLanguage":"fi","potentialAction":[{"@type":"ReadAction","target":["https:\/\/f7vent.ee\/fi\/"]}]},{"@type":"BreadcrumbList","@id":"https:\/\/f7vent.ee\/fi\/#breadcrumb","itemListElement":[{"@type":"ListItem","position":1,"name":"Home","item":"https:\/\/f7vent.ee\/fi\/"},{"@type":"ListItem","position":2,"name":"Factory Seven \u00e4lykk\u00e4\u00e4t ilmastoinnin erikoisratkaisut"}]},{"@type":"WebSite","@id":"https:\/\/f7vent.ee\/fi\/#website","url":"https:\/\/f7vent.ee\/fi\/","name":"Factory Seven","description":"Ventilatsiooni seadmed, tarvikud, k&ouml;&ouml;gikubud jpm,","potentialAction":[{"@type":"SearchAction","target":{"@type":"EntryPoint","urlTemplate":"https:\/\/f7vent.ee\/fi\/?s={search_term_string}"},"query-input":{"@type":"PropertyValueSpecification","valueRequired":true,"valueName":"search_term_string"}}],"inLanguage":"fi"}]}},"_links":{"self":[{"href":"https:\/\/f7vent.ee\/fi\/wp-json\/wp\/v2\/pages\/1284","targetHints":{"allow":["GET"]}}],"collection":[{"href":"https:\/\/f7vent.ee\/fi\/wp-json\/wp\/v2\/pages"}],"about":[{"href":"https:\/\/f7vent.ee\/fi\/wp-json\/wp\/v2\/types\/page"}],"author":[{"embeddable":true,"href":"https:\/\/f7vent.ee\/fi\/wp-json\/wp\/v2\/users\/1"}],"replies":[{"embeddable":true,"href":"https:\/\/f7vent.ee\/fi\/wp-json\/wp\/v2\/comments?post=1284"}],"version-history":[{"count":3,"href":"https:\/\/f7vent.ee\/fi\/wp-json\/wp\/v2\/pages\/1284\/revisions"}],"predecessor-version":[{"id":1665,"href":"https:\/\/f7vent.ee\/fi\/wp-json\/wp\/v2\/pages\/1284\/revisions\/1665"}],"wp:attachment":[{"href":"https:\/\/f7vent.ee\/fi\/wp-json\/wp\/v2\/media?parent=1284"}],"curies":[{"name":"wp","href":"https:\/\/api.w.org\/{rel}","templated":true}]}}