{"id":1188,"date":"2021-03-12T09:36:50","date_gmt":"2021-03-12T09:36:50","guid":{"rendered":"https:\/\/f7vent.ee\/?page_id=1188"},"modified":"2021-03-16T09:44:02","modified_gmt":"2021-03-16T09:44:02","slug":"factoryseven_swe","status":"publish","type":"page","link":"https:\/\/f7vent.ee\/sv\/","title":{"rendered":"FactorySeven_SWE"},"content":{"rendered":"<p><div class=\"fusion-fullwidth fullwidth-box fusion-builder-row-1 fusion-parallax-none nonhundred-percent-fullwidth non-hundred-percent-height-scrolling fusion-equal-height-columns\" style=\"--awb-background-position:right center;--awb-border-radius-top-left:0px;--awb-border-radius-top-right:0px;--awb-border-radius-bottom-right:0px;--awb-border-radius-bottom-left:0px;--awb-padding-top:50px;--awb-padding-bottom:50px;--awb-background-image:url(&quot;https:\/\/f7vent.ee\/wp-content\/uploads\/2020\/03\/FS7Front4.jpg&quot;);--awb-background-size:cover;--awb-flex-wrap:wrap;\" ><div class=\"fusion-builder-row fusion-row\"><div class=\"fusion-layout-column fusion_builder_column fusion-builder-column-0 fusion_builder_column_2_5 2_5 fusion-two-fifth fusion-column-first fusion-no-small-visibility fusion-no-medium-visibility fusion-animated\" style=\"--awb-padding-top:150px;--awb-padding-right:2px;--awb-padding-bottom:150px;--awb-padding-left:2px;--awb-overflow:hidden;--awb-bg-color:rgba(28,55,101,0.8);--awb-bg-color-hover:rgba(28,55,101,0.8);--awb-bg-size:cover;--awb-border-radius:50% 50% 50% 50%;width:40%;width:calc(40% - ( ( 4% ) * 0.4 ) );margin-right: 4%;\" data-animationType=\"fadeInDown\" data-animationDuration=\"0.9\" data-animationOffset=\"top-into-view\"><div class=\"fusion-column-wrapper fusion-column-has-shadow fusion-flex-column-wrapper-legacy\"><div class=\"fusion-text fusion-text-1\"><p style=\"font-size: 50px; line-height: 52px; text-align: center;\"><span style=\"color: #ffffff;\"><strong>F7<\/strong><\/span><\/p>\n<p style=\"font-size: 28px; line-height: 30px; text-align: center;\"><span style=\"color: #ffffff;\">eller <b>Factory Seven<\/b><\/span><\/p>\n<p style=\"font-size: 20px; text-align: center;\"><span style=\"color: #ffffff;\">smarta speciall\u00f6sningar till ventilation<\/span><\/p>\n<\/div><div class=\"fusion-clearfix\"><\/div><\/div><\/div><div class=\"fusion-layout-column fusion_builder_column fusion-builder-column-1 fusion_builder_column_2_5 2_5 fusion-two-fifth fusion-column-last fusion-no-large-visibility fusion-animated\" style=\"--awb-padding-top:80px;--awb-padding-right:20px;--awb-padding-bottom:80px;--awb-padding-left:20px;--awb-overflow:hidden;--awb-bg-color:rgba(28,55,101,0.8);--awb-bg-color-hover:rgba(28,55,101,0.8);--awb-bg-size:cover;--awb-border-radius:3% 3% 3% 3%;width:40%;width:calc(40% - ( ( 4% ) * 0.4 ) );\" data-animationType=\"fadeInDown\" data-animationDuration=\"0.9\" data-animationOffset=\"top-into-view\"><div class=\"fusion-column-wrapper fusion-column-has-shadow fusion-flex-column-wrapper-legacy\"><div class=\"fusion-text fusion-text-2\"><p style=\"font-size: 50px; line-height: 52px; text-align: center;\"><span style=\"color: #ffffff;\"><strong>F7<\/strong><\/span><\/p>\n<p style=\"font-size: 28px; line-height: 30px; text-align: center;\"><span style=\"color: #ffffff;\">eller <b>Factory Seven<\/b><\/span><\/p>\n<p style=\"font-size: 20px; text-align: center;\"><span style=\"color: #ffffff;\">smarta speciall\u00f6sningar till ventilation<\/span><\/p>\n<\/div><div class=\"fusion-clearfix\"><\/div><\/div><\/div><\/div><\/div><div class=\"fusion-fullwidth fullwidth-box fusion-builder-row-2 nonhundred-percent-fullwidth non-hundred-percent-height-scrolling\" style=\"--awb-border-radius-top-left:0px;--awb-border-radius-top-right:0px;--awb-border-radius-bottom-right:0px;--awb-border-radius-bottom-left:0px;--awb-padding-bottom:50px;--awb-margin-top:50px;--awb-flex-wrap:wrap;\" ><div class=\"fusion-builder-row fusion-row\"><div class=\"fusion-layout-column fusion_builder_column fusion-builder-column-2 fusion_builder_column_1_1 1_1 fusion-one-full fusion-column-first fusion-column-last\" style=\"--awb-bg-size:cover;\"><div class=\"fusion-column-wrapper fusion-column-has-shadow fusion-flex-column-wrapper-legacy\"><div class=\"fusion-text fusion-text-3\"><h1 style=\"font-size: 30px; line-height: 32px; text-align: left;\"><strong><span style=\"color: #1c3765;\">FACTORY SEVEN O\u00dc<br \/>\n<\/span><\/strong><\/h1>\n<p style=\"font-size: 45px; line-height: 52px; text-align: left;\"><span style=\"color: #9ab7c7;\"><strong>ett f\u00f6rtag som tillverkar r\u00f6r, b\u00f6jer och beslag till ventilation<\/strong><\/span><\/p>\n<\/div><div class=\"fusion-text fusion-text-4\"><p>V\u00e5ra r\u00f6tter g\u00e5r tillbaka till \u00e5ret 1988 d\u00e4r vi verkade under namnet Servicekooperativen Remo. Vi utf\u00f6rde enklare pl\u00e5tslagararbeten som f\u00f6nsterb\u00e4nkar, stupr\u00f6r, h\u00e4ngr\u00e4nnor och mycket annat.<\/p>\n<p>I dag finns v\u00e5r produktion i Saue utanf\u00f6r Tallinn och vi tillverkar alla sorters ventilationsutrustning. Huvudsakligen ventilationsr\u00f6r, b\u00f6jer och ljudd\u00e4mpare.<\/p>\n<p>D\u00e4rut\u00f6ver hj\u00e4lper vi v\u00e5ra kunder l\u00f6sa komplicerade uppdrag genom smarta l\u00f6sningar som grundar sig p\u00e5 m\u00e5nga \u00e5rs erfarenhet \u00f6ver flera generationer.<\/p>\n<\/div><div class=\"fusion-sep-clear\"><\/div><div class=\"fusion-separator fusion-full-width-sep\" style=\"margin-left: auto;margin-right: auto;margin-top:60px;width:100%;\"><\/div><div class=\"fusion-sep-clear\"><\/div><div class=\"fusion-clearfix\"><\/div><\/div><\/div><div class=\"fusion-layout-column fusion_builder_column fusion-builder-column-3 fusion_builder_column_1_2 1_2 fusion-one-half fusion-column-first fusion-column-inner-bg-wrapper fusion-animated\" style=\"--awb-inner-bg-size:cover;width:50%;width:calc(50% - ( ( 4% ) * 0.5 ) );margin-right: 4%;\" data-animationType=\"fadeInLeft\" data-animationDuration=\"0.5\" data-animationOffset=\"top-into-view\"><span class=\"fusion-column-inner-bg hover-type-none\"><a class=\"fusion-column-anchor\" href=\"https:\/\/f7vent.ee\/sv\/ny-f7-koksflakt\/\"><span class=\"fusion-column-inner-bg-image\"><\/span><\/a><\/span><div class=\"fusion-column-wrapper fusion-column-has-shadow fusion-flex-column-wrapper-legacy\"><div class=\"fusion-sep-clear\"><\/div><div class=\"fusion-separator fusion-full-width-sep\" style=\"margin-left: auto;margin-right: auto;margin-top:50px;width:100%;\"><\/div><div class=\"fusion-sep-clear\"><\/div><div class=\"fusion-image-element fusion-image-align-center in-legacy-container\" style=\"text-align:center;--awb-caption-title-font-family:var(--h2_typography-font-family);--awb-caption-title-font-weight:var(--h2_typography-font-weight);--awb-caption-title-font-style:var(--h2_typography-font-style);--awb-caption-title-size:var(--h2_typography-font-size);--awb-caption-title-transform:var(--h2_typography-text-transform);--awb-caption-title-line-height:var(--h2_typography-line-height);--awb-caption-title-letter-spacing:var(--h2_typography-letter-spacing);\"><div class=\"imageframe-align-center\"><span class=\" fusion-imageframe imageframe-none imageframe-1 hover-type-zoomin\"><img decoding=\"async\" width=\"800\" height=\"485\" title=\"kubuFlip2\" src=\"https:\/\/f7vent.ee\/wp-content\/uploads\/2020\/03\/kubuFlip2.jpg\" alt class=\"img-responsive wp-image-1207\" srcset=\"https:\/\/f7vent.ee\/wp-content\/uploads\/2020\/03\/kubuFlip2-200x121.jpg 200w, https:\/\/f7vent.ee\/wp-content\/uploads\/2020\/03\/kubuFlip2-400x243.jpg 400w, https:\/\/f7vent.ee\/wp-content\/uploads\/2020\/03\/kubuFlip2-600x364.jpg 600w, https:\/\/f7vent.ee\/wp-content\/uploads\/2020\/03\/kubuFlip2.jpg 800w\" sizes=\"(max-width: 800px) 100vw, 800px\" \/><\/span><\/div><\/div><div class=\"fusion-sep-clear\"><\/div><div class=\"fusion-separator fusion-full-width-sep\" style=\"margin-left: auto;margin-right: auto;margin-top:10px;width:100%;\"><\/div><div class=\"fusion-sep-clear\"><\/div><div class=\"fusion-text fusion-text-5\"><p style=\"font-size: 20px; line-height: 22px; text-align: center;\"><span style=\"color: #1c3765;\"><strong>FL\u00c4KTAR TILL STORK\u00d6K<br \/>\n<\/strong><\/span><\/p>\n<\/div><div class=\"fusion-clearfix\"><\/div><\/div><\/div><div class=\"fusion-layout-column fusion_builder_column fusion-builder-column-4 fusion_builder_column_1_2 1_2 fusion-one-half fusion-column-last fusion-column-inner-bg-wrapper fusion-animated\" style=\"--awb-inner-bg-size:cover;width:50%;width:calc(50% - ( ( 4% ) * 0.5 ) );\" data-animationType=\"fadeInLeft\" data-animationDuration=\"0.5\" data-animationOffset=\"top-into-view\"><span class=\"fusion-column-inner-bg hover-type-none\"><a class=\"fusion-column-anchor\" href=\"https:\/\/f7vent.ee\/sv\/ljuddampare\/\"><span class=\"fusion-column-inner-bg-image\"><\/span><\/a><\/span><div class=\"fusion-column-wrapper fusion-column-has-shadow fusion-flex-column-wrapper-legacy\"><div class=\"fusion-sep-clear\"><\/div><div class=\"fusion-separator fusion-full-width-sep\" style=\"margin-left: auto;margin-right: auto;margin-top:50px;width:100%;\"><\/div><div class=\"fusion-sep-clear\"><\/div><div class=\"fusion-image-element fusion-image-align-center in-legacy-container\" style=\"text-align:center;--awb-caption-title-font-family:var(--h2_typography-font-family);--awb-caption-title-font-weight:var(--h2_typography-font-weight);--awb-caption-title-font-style:var(--h2_typography-font-style);--awb-caption-title-size:var(--h2_typography-font-size);--awb-caption-title-transform:var(--h2_typography-text-transform);--awb-caption-title-line-height:var(--h2_typography-line-height);--awb-caption-title-letter-spacing:var(--h2_typography-letter-spacing);\"><div class=\"imageframe-align-center\"><span class=\" fusion-imageframe imageframe-none imageframe-2 hover-type-zoomin\"><img decoding=\"async\" width=\"800\" height=\"485\" title=\"myrasummuti2\" src=\"https:\/\/f7vent.ee\/wp-content\/uploads\/2020\/03\/myrasummuti2.jpg\" alt class=\"img-responsive wp-image-1208\" srcset=\"https:\/\/f7vent.ee\/wp-content\/uploads\/2020\/03\/myrasummuti2-200x121.jpg 200w, https:\/\/f7vent.ee\/wp-content\/uploads\/2020\/03\/myrasummuti2-400x243.jpg 400w, https:\/\/f7vent.ee\/wp-content\/uploads\/2020\/03\/myrasummuti2-600x364.jpg 600w, https:\/\/f7vent.ee\/wp-content\/uploads\/2020\/03\/myrasummuti2.jpg 800w\" sizes=\"(max-width: 800px) 100vw, 800px\" \/><\/span><\/div><\/div><div class=\"fusion-sep-clear\"><\/div><div class=\"fusion-separator fusion-full-width-sep\" style=\"margin-left: auto;margin-right: auto;margin-top:10px;width:100%;\"><\/div><div class=\"fusion-sep-clear\"><\/div><div class=\"fusion-text fusion-text-6\"><p style=\"font-size: 20px; line-height: 22px; text-align: center;\"><span style=\"color: #1c3765;\"><strong>LJUDD\u00c4MPARE<br \/>\n<\/strong><\/span><\/p>\n<\/div><div class=\"fusion-clearfix\"><\/div><\/div><\/div><\/div><\/div><div class=\"fusion-fullwidth fullwidth-box fusion-builder-row-3 nonhundred-percent-fullwidth non-hundred-percent-height-scrolling\" style=\"--awb-border-radius-top-left:0px;--awb-border-radius-top-right:0px;--awb-border-radius-bottom-right:0px;--awb-border-radius-bottom-left:0px;--awb-padding-top:50px;--awb-padding-bottom:50px;--awb-background-color:#d8e8f5;--awb-flex-wrap:wrap;\" ><div class=\"fusion-builder-row fusion-row\"><div class=\"fusion-layout-column fusion_builder_column fusion-builder-column-5 fusion_builder_column_1_1 1_1 fusion-one-full fusion-column-first fusion-column-last\" style=\"--awb-bg-size:cover;\"><div class=\"fusion-column-wrapper fusion-column-has-shadow fusion-flex-column-wrapper-legacy\"><div class=\"fusion-text fusion-text-7\"><p style=\"font-size: 20px; line-height: 22px; text-align: center;\"><span style=\"color: #1c3765;\"><strong>ETT URVAL AV V\u00c5RA PRODUKTER<br \/>\n<\/strong><\/span><\/p>\n<\/div><div class=\"fusion-text fusion-text-8\"><p style=\"text-align: center;\"><span style=\"font-size: 18pt;\">fyrkantr\u00f6r<span style=\"color: #eb1543;\"><strong>\u203a<\/strong><\/span> b\u00f6jer<strong><span style=\"color: #eb1543;\">\u203a<\/span><br \/>\n<\/strong>utv\u00e4ndiga galler <span style=\"color: #eb1543;\"><strong>\u203a<\/strong><\/span> inv\u00e4ndiga galler <span style=\"color: #eb1543;\"><b>\u203a <\/b><\/span>sn\u00f6galler<span style=\"color: #eb1543;\"><strong> \u203a<\/strong><\/span><\/span><br \/>\n<span style=\"font-size: 18pt;\">ljudd\u00e4mpare <span style=\"color: #eb1543;\"><strong>\u203a<\/strong><\/span> luftf\u00f6rdelare <span style=\"color: #eb1543;\"><strong>\u203a<\/strong><\/span><\/span><br \/>\n<span style=\"font-size: 18pt;\">rensluckor <span style=\"color: #eb1543;\"><strong>\u203a<\/strong><\/span> t\u00e4ckpl\u00e5tar <span style=\"color: #eb1543;\"><strong>\u203a<\/strong><\/span><\/span><br \/>\n<span style=\"font-size: 14pt;\"><span style=\"font-size: 18pt;\">k\u00f6ksfl\u00e4ktar <span style=\"color: #eb1543;\"><strong>\u203a<\/strong><\/span> ozongeneratorer <span style=\"color: #eb1543;\"><strong>\u203a<\/strong><\/span><\/span><br \/>\n<span style=\"font-size: 14pt;\"><span style=\"font-size: 18pt;\">takgenomf\u00f6ringar <span style=\"color: #eb1543;\"><strong>\u203a<\/strong><\/span> takhuvar <span style=\"color: #eb1543;\"><strong>\u203a<\/strong><\/span><\/span><br \/>\n<span style=\"font-size: 14pt;\"><span style=\"font-size: 18pt;\">galler till luftintag\/luftutsl\u00e4pp <span style=\"color: #eb1543;\"><strong>\u203a<\/strong><\/span> stormgaller <span style=\"color: #eb1543;\"><strong>\u203a<\/strong><\/span><\/span><br \/>\n<span style=\"font-size: 14pt;\"><span style=\"font-size: 18pt;\">detaljer til ventilationskammare <span style=\"color: #eb1543;\"><strong>\u203a<\/strong><\/span><\/span><br \/>\n<span style=\"font-size: 14pt;\"><span style=\"font-size: 18pt;\">genomf\u00f6ringar och omf\u00f6ringar till balkar <span style=\"color: #eb1543;\"><strong>\u203a<\/strong><\/span><\/span><br \/>\n<span style=\"font-size: 18pt;\">samt m\u00e5nga andra ventilationsprodukter<\/span><br \/>\n<span style=\"font-size: 14pt;\"><span style=\"font-size: 18pt;\">av olika material <span style=\"color: #eb1543;\"><strong>\u203a<\/strong><\/span><\/span><br \/>\n<\/span><\/span><\/span><\/span><\/span><\/span><\/p>\n<\/div><div class=\"fusion-clearfix\"><\/div><\/div><\/div><\/div><\/div><div class=\"fusion-fullwidth fullwidth-box fusion-builder-row-4 nonhundred-percent-fullwidth non-hundred-percent-height-scrolling\" style=\"--awb-border-radius-top-left:0px;--awb-border-radius-top-right:0px;--awb-border-radius-bottom-right:0px;--awb-border-radius-bottom-left:0px;--awb-padding-top:100px;--awb-padding-bottom:100px;--awb-flex-wrap:wrap;\" ><div class=\"fusion-builder-row fusion-row\"><div class=\"fusion-layout-column fusion_builder_column fusion-builder-column-6 fusion_builder_column_1_4 1_4 fusion-one-fourth fusion-column-first\" style=\"--awb-bg-size:cover;width:25%;width:calc(25% - ( ( 4% + 4% ) * 0.25 ) );margin-right: 4%;\"><div class=\"fusion-column-wrapper fusion-column-has-shadow fusion-flex-column-wrapper-legacy\"><div class=\"fusion-clearfix\"><\/div><\/div><\/div><div class=\"fusion-layout-column fusion_builder_column fusion-builder-column-7 fusion_builder_column_1_2 1_2 fusion-one-half\" style=\"--awb-bg-size:cover;width:50%;width:calc(50% - ( ( 4% + 4% ) * 0.5 ) );margin-right: 4%;\"><div class=\"fusion-column-wrapper fusion-column-has-shadow fusion-flex-column-wrapper-legacy\"><div class=\"fusion-text fusion-text-9\"><p style=\"font-size: 30px; line-height: 32px; text-align: left;\"><span style=\"color: #1c3765;\">Fr\u00e5ga om offert<\/span><\/p>\n<\/div>\n<div class=\"wpcf7 no-js\" id=\"wpcf7-f1217-o1\" lang=\"sv-SE\" dir=\"ltr\" data-wpcf7-id=\"1217\">\n<div class=\"screen-reader-response\"><p role=\"status\" aria-live=\"polite\" aria-atomic=\"true\"><\/p> <ul><\/ul><\/div>\n<form action=\"\/sv\/wp-json\/wp\/v2\/pages\/1188#wpcf7-f1217-o1\" method=\"post\" class=\"wpcf7-form init\" aria-label=\"Kontaktformul\u00e4r\" novalidate=\"novalidate\" data-status=\"init\">\n<fieldset class=\"hidden-fields-container\"><input type=\"hidden\" name=\"_wpcf7\" value=\"1217\" \/><input type=\"hidden\" name=\"_wpcf7_version\" value=\"6.1.5\" \/><input type=\"hidden\" name=\"_wpcf7_locale\" value=\"sv_SE\" \/><input type=\"hidden\" name=\"_wpcf7_unit_tag\" value=\"wpcf7-f1217-o1\" \/><input type=\"hidden\" name=\"_wpcf7_container_post\" value=\"0\" \/><input type=\"hidden\" name=\"_wpcf7_posted_data_hash\" value=\"\" \/>\n<\/fieldset>\n<p><span class=\"wpcf7-form-control-wrap\" data-name=\"Nimi\"><input size=\"40\" maxlength=\"400\" class=\"wpcf7-form-control wpcf7-text wpcf7-validates-as-required\" aria-required=\"true\" aria-invalid=\"false\" value=\"Namn\" type=\"text\" name=\"Nimi\" \/><\/span><br \/>\n<span class=\"wpcf7-form-control-wrap\" data-name=\"email827\"><input size=\"40\" maxlength=\"400\" class=\"wpcf7-form-control wpcf7-email wpcf7-validates-as-required wpcf7-text wpcf7-validates-as-email\" aria-required=\"true\" aria-invalid=\"false\" value=\"E-post\" type=\"email\" name=\"email827\" \/><\/span><br \/>\n<span class=\"wpcf7-form-control-wrap\" data-name=\"telefon\"><input size=\"40\" maxlength=\"400\" class=\"wpcf7-form-control wpcf7-tel wpcf7-validates-as-required wpcf7-text wpcf7-validates-as-tel\" aria-required=\"true\" aria-invalid=\"false\" value=\"Telefon\" type=\"tel\" name=\"telefon\" \/><\/span><br \/>\n<span class=\"wpcf7-form-control-wrap\" data-name=\"textarea-948\"><textarea cols=\"40\" rows=\"10\" maxlength=\"2000\" class=\"wpcf7-form-control wpcf7-textarea wpcf7-validates-as-required\" aria-required=\"true\" aria-invalid=\"false\" name=\"textarea-948\">Beskriv dina \u00f6nskningar kort*<\/textarea><\/span><br \/>\n<span id=\"wpcf7-69f15f0235902-wrapper\" class=\"wpcf7-form-control-wrap e-mail-wrap\" ><label for=\"wpcf7-69f15f0235902-field\" class=\"hp-message\">L\u00e4mna detta f\u00e4lt tomt.<\/label><input id=\"wpcf7-69f15f0235902-field\"  class=\"wpcf7-form-control wpcf7-text\" type=\"text\" name=\"e-mail\" value=\"\" size=\"40\" tabindex=\"-1\" autocomplete=\"new-password\" \/><\/span><br \/>\n<input class=\"wpcf7-form-control wpcf7-submit has-spinner\" type=\"submit\" value=\"Skicka\" \/>\n<\/p><p style=\"display: none !important;\" class=\"akismet-fields-container\" data-prefix=\"_wpcf7_ak_\"><label>&#916;<textarea name=\"_wpcf7_ak_hp_textarea\" cols=\"45\" rows=\"8\" maxlength=\"100\"><\/textarea><\/label><input type=\"hidden\" id=\"ak_js_1\" name=\"_wpcf7_ak_js\" value=\"13\"\/><script>document.getElementById( \"ak_js_1\" ).setAttribute( \"value\", ( new Date() ).getTime() );<\/script><\/p><div class=\"fusion-alert alert custom alert-custom fusion-alert-center wpcf7-response-output fusion-alert-capitalize awb-alert-native-link-color alert-dismissable awb-alert-close-boxed\" style=\"--awb-border-size:1px;--awb-border-top-left-radius:0px;--awb-border-top-right-radius:0px;--awb-border-bottom-left-radius:0px;--awb-border-bottom-right-radius:0px;\" role=\"alert\"><div class=\"fusion-alert-content-wrapper\"><span class=\"fusion-alert-content\"><\/span><\/div><button type=\"button\" class=\"close toggle-alert\" data-dismiss=\"alert\" aria-label=\"Close\">&times;<\/button><\/div>\n<\/form>\n<\/div>\n<div class=\"fusion-clearfix\"><\/div><\/div><\/div><div class=\"fusion-layout-column fusion_builder_column fusion-builder-column-8 fusion_builder_column_1_4 1_4 fusion-one-fourth fusion-column-last\" style=\"--awb-bg-size:cover;width:25%;width:calc(25% - ( ( 4% + 4% ) * 0.25 ) );\"><div class=\"fusion-column-wrapper fusion-column-has-shadow fusion-flex-column-wrapper-legacy\"><div class=\"fusion-clearfix\"><\/div><\/div><\/div><\/div><\/div><\/p>\n","protected":false},"excerpt":{"rendered":"","protected":false},"author":1,"featured_media":0,"parent":0,"menu_order":0,"comment_status":"closed","ping_status":"closed","template":"100-width.php","meta":{"inline_featured_image":false,"footnotes":""},"class_list":["post-1188","page","type-page","status-publish","hentry"],"yoast_head":"<!-- This site is optimized with the Yoast SEO plugin v27.0 - https:\/\/yoast.com\/product\/yoast-seo-wordpress\/ -->\n<title>FactorySeven_SWE | Factory Seven<\/title>\n<meta name=\"robots\" content=\"index, follow, max-snippet:-1, max-image-preview:large, max-video-preview:-1\" \/>\n<link rel=\"canonical\" href=\"https:\/\/f7vent.ee\/sv\/\" \/>\n<meta property=\"og:locale\" content=\"sv_SE\" \/>\n<meta property=\"og:type\" content=\"article\" \/>\n<meta property=\"og:title\" content=\"FactorySeven_SWE | Factory Seven\" \/>\n<meta property=\"og:url\" content=\"https:\/\/f7vent.ee\/sv\/\" \/>\n<meta property=\"og:site_name\" content=\"Factory Seven\" \/>\n<meta property=\"article:modified_time\" content=\"2021-03-16T09:44:02+00:00\" \/>\n<meta name=\"twitter:card\" content=\"summary_large_image\" \/>\n<meta name=\"twitter:label1\" content=\"Ber\u00e4knad l\u00e4stid\" \/>\n\t<meta name=\"twitter:data1\" content=\"15 minuter\" \/>\n<script type=\"application\/ld+json\" class=\"yoast-schema-graph\">{\"@context\":\"https:\/\/schema.org\",\"@graph\":[{\"@type\":\"WebPage\",\"@id\":\"https:\/\/f7vent.ee\/sv\/\",\"url\":\"https:\/\/f7vent.ee\/sv\/\",\"name\":\"FactorySeven_SWE | Factory Seven\",\"isPartOf\":{\"@id\":\"https:\/\/f7vent.ee\/sv\/#website\"},\"datePublished\":\"2021-03-12T09:36:50+00:00\",\"dateModified\":\"2021-03-16T09:44:02+00:00\",\"breadcrumb\":{\"@id\":\"https:\/\/f7vent.ee\/sv\/#breadcrumb\"},\"inLanguage\":\"sv-SE\",\"potentialAction\":[{\"@type\":\"ReadAction\",\"target\":[\"https:\/\/f7vent.ee\/sv\/\"]}]},{\"@type\":\"BreadcrumbList\",\"@id\":\"https:\/\/f7vent.ee\/sv\/#breadcrumb\",\"itemListElement\":[{\"@type\":\"ListItem\",\"position\":1,\"name\":\"Home\",\"item\":\"https:\/\/f7vent.ee\/sv\/\"},{\"@type\":\"ListItem\",\"position\":2,\"name\":\"FactorySeven_SWE\"}]},{\"@type\":\"WebSite\",\"@id\":\"https:\/\/f7vent.ee\/sv\/#website\",\"url\":\"https:\/\/f7vent.ee\/sv\/\",\"name\":\"Factory Seven\",\"description\":\"Ventilatsiooni seadmed, tarvikud, k&ouml;&ouml;gikubud jpm,\",\"potentialAction\":[{\"@type\":\"SearchAction\",\"target\":{\"@type\":\"EntryPoint\",\"urlTemplate\":\"https:\/\/f7vent.ee\/sv\/?s={search_term_string}\"},\"query-input\":{\"@type\":\"PropertyValueSpecification\",\"valueRequired\":true,\"valueName\":\"search_term_string\"}}],\"inLanguage\":\"sv-SE\"}]}<\/script>\n<!-- \/ Yoast SEO plugin. -->","yoast_head_json":{"title":"FactorySeven_SWE | Factory Seven","robots":{"index":"index","follow":"follow","max-snippet":"max-snippet:-1","max-image-preview":"max-image-preview:large","max-video-preview":"max-video-preview:-1"},"canonical":"https:\/\/f7vent.ee\/sv\/","og_locale":"sv_SE","og_type":"article","og_title":"FactorySeven_SWE | Factory Seven","og_url":"https:\/\/f7vent.ee\/sv\/","og_site_name":"Factory Seven","article_modified_time":"2021-03-16T09:44:02+00:00","twitter_card":"summary_large_image","twitter_misc":{"Ber\u00e4knad l\u00e4stid":"15 minuter"},"schema":{"@context":"https:\/\/schema.org","@graph":[{"@type":"WebPage","@id":"https:\/\/f7vent.ee\/sv\/","url":"https:\/\/f7vent.ee\/sv\/","name":"FactorySeven_SWE | Factory Seven","isPartOf":{"@id":"https:\/\/f7vent.ee\/sv\/#website"},"datePublished":"2021-03-12T09:36:50+00:00","dateModified":"2021-03-16T09:44:02+00:00","breadcrumb":{"@id":"https:\/\/f7vent.ee\/sv\/#breadcrumb"},"inLanguage":"sv-SE","potentialAction":[{"@type":"ReadAction","target":["https:\/\/f7vent.ee\/sv\/"]}]},{"@type":"BreadcrumbList","@id":"https:\/\/f7vent.ee\/sv\/#breadcrumb","itemListElement":[{"@type":"ListItem","position":1,"name":"Home","item":"https:\/\/f7vent.ee\/sv\/"},{"@type":"ListItem","position":2,"name":"FactorySeven_SWE"}]},{"@type":"WebSite","@id":"https:\/\/f7vent.ee\/sv\/#website","url":"https:\/\/f7vent.ee\/sv\/","name":"Factory Seven","description":"Ventilatsiooni seadmed, tarvikud, k&ouml;&ouml;gikubud jpm,","potentialAction":[{"@type":"SearchAction","target":{"@type":"EntryPoint","urlTemplate":"https:\/\/f7vent.ee\/sv\/?s={search_term_string}"},"query-input":{"@type":"PropertyValueSpecification","valueRequired":true,"valueName":"search_term_string"}}],"inLanguage":"sv-SE"}]}},"_links":{"self":[{"href":"https:\/\/f7vent.ee\/sv\/wp-json\/wp\/v2\/pages\/1188","targetHints":{"allow":["GET"]}}],"collection":[{"href":"https:\/\/f7vent.ee\/sv\/wp-json\/wp\/v2\/pages"}],"about":[{"href":"https:\/\/f7vent.ee\/sv\/wp-json\/wp\/v2\/types\/page"}],"author":[{"embeddable":true,"href":"https:\/\/f7vent.ee\/sv\/wp-json\/wp\/v2\/users\/1"}],"replies":[{"embeddable":true,"href":"https:\/\/f7vent.ee\/sv\/wp-json\/wp\/v2\/comments?post=1188"}],"version-history":[{"count":0,"href":"https:\/\/f7vent.ee\/sv\/wp-json\/wp\/v2\/pages\/1188\/revisions"}],"wp:attachment":[{"href":"https:\/\/f7vent.ee\/sv\/wp-json\/wp\/v2\/media?parent=1188"}],"curies":[{"name":"wp","href":"https:\/\/api.w.org\/{rel}","templated":true}]}}